{"id":1371,"date":"2013-06-12T13:06:07","date_gmt":"2013-06-12T13:06:07","guid":{"rendered":"http:\/\/www.aufabwegen.de\/at\/?page_id=1371"},"modified":"2022-08-25T06:48:45","modified_gmt":"2022-08-25T06:48:45","slug":"impressum","status":"publish","type":"page","link":"https:\/\/www.aufabwegen.de\/at\/?page_id=1371","title":{"rendered":"IMPRINT"},"content":{"rendered":"<div>\n<p>TIETCHENS.DE is the official website on ASMUS TIETCHENS.<br \/>\nIt is maintained by Till Kniola and hosted by aufabwegen.<\/p>\n<p>LEGAL INFO\/DISCLAIMERInhalt des Onlineangebotes<br \/>\nDie Autoren \u00fcbernehmen keinerlei Gew\u00e4hr f\u00fcr die Aktualit\u00e4t, Korrektheit, Vollst\u00e4ndigkeit oder Qualit\u00e4t der bereitgestellten Informationen. Haftungsanspr\u00fcche gegen die Autoren, welche sich auf Sch\u00e4den materieller oder ideeller Art beziehen, die durch die Nutzung oder Nichtnutzung der dargebotenen Informationen bzw. durch die Nutzung fehlerhafter und unvollst\u00e4ndiger Informationen verursacht wurden, sind grunds\u00e4tzlich ausgeschlossen. Alle Angebote sind freibleibend und unverbindlich. Der Autor beh\u00e4lt es sich ausdr\u00fccklich vor, Teile der Seiten oder das gesamte Angebot ohne gesonderte Ank\u00fcndigung zu ver\u00e4ndern, zu erg\u00e4nzen, zu l\u00f6schen oder die Ver\u00f6ffentlichung zeitweise oder endg\u00fcltig einzustellen.<br \/>\nInhaltlich Verantwortlicher gem\u00e4\u00df \u00a7 10 Absatz 3 MDStV: Till Kniola<\/p>\n<p>Haftungshinweis: Wir \u00fcbernehmen keine Haftung f\u00fcr die Inhalte externer Links. F\u00fcr den Inhalt der verlinkten Seiten sind ausschlie\u00dflich deren Betreiber verantwortlich. Alle Rechte an den hier aufgef\u00fchrten Marken, Eigen- und Produktnamen, Logos sowie Bildern liegen bei deren Eigent\u00fcmern.<\/p>\n<\/div>\n","protected":false},"excerpt":{"rendered":"<p>TIETCHENS.DE is the official website on ASMUS TIETCHENS. It is maintained by Till Kniola and hosted by aufabwegen. LEGAL INFO\/DISCLAIMERInhalt des Onlineangebotes Die Autoren \u00fcbernehmen keinerlei Gew\u00e4hr f\u00fcr die Aktualit\u00e4t, Korrektheit, Vollst\u00e4ndigkeit oder Qualit\u00e4t der bereitgestellten Informationen. Haftungsanspr\u00fcche gegen die Autoren, welche sich auf Sch\u00e4den materieller oder ideeller Art beziehen, die durch die Nutzung oder [&hellip;]<\/p>\n","protected":false},"author":1,"featured_media":0,"parent":1880,"menu_order":1,"comment_status":"closed","ping_status":"closed","template":"","meta":{"footnotes":""},"class_list":["post-1371","page","type-page","status-publish","hentry","entry"],"_links":{"self":[{"href":"https:\/\/www.aufabwegen.de\/at\/index.php?rest_route=\/wp\/v2\/pages\/1371","targetHints":{"allow":["GET"]}}],"collection":[{"href":"https:\/\/www.aufabwegen.de\/at\/index.php?rest_route=\/wp\/v2\/pages"}],"about":[{"href":"https:\/\/www.aufabwegen.de\/at\/index.php?rest_route=\/wp\/v2\/types\/page"}],"author":[{"embeddable":true,"href":"https:\/\/www.aufabwegen.de\/at\/index.php?rest_route=\/wp\/v2\/users\/1"}],"replies":[{"embeddable":true,"href":"https:\/\/www.aufabwegen.de\/at\/index.php?rest_route=%2Fwp%2Fv2%2Fcomments&post=1371"}],"version-history":[{"count":5,"href":"https:\/\/www.aufabwegen.de\/at\/index.php?rest_route=\/wp\/v2\/pages\/1371\/revisions"}],"predecessor-version":[{"id":1884,"href":"https:\/\/www.aufabwegen.de\/at\/index.php?rest_route=\/wp\/v2\/pages\/1371\/revisions\/1884"}],"up":[{"embeddable":true,"href":"https:\/\/www.aufabwegen.de\/at\/index.php?rest_route=\/wp\/v2\/pages\/1880"}],"wp:attachment":[{"href":"https:\/\/www.aufabwegen.de\/at\/index.php?rest_route=%2Fwp%2Fv2%2Fmedia&parent=1371"}],"curies":[{"name":"wp","href":"https:\/\/api.w.org\/{rel}","templated":true}]}}