{"id":19,"date":"2010-10-08T21:21:57","date_gmt":"2010-10-08T21:21:57","guid":{"rendered":"http:\/\/www.aufabwegen.de\/at\/?page_id=19"},"modified":"2019-09-13T12:48:07","modified_gmt":"2019-09-13T12:48:07","slug":"mailorder","status":"publish","type":"page","link":"https:\/\/www.aufabwegen.de\/at\/?page_id=19","title":{"rendered":"MAILORDER"},"content":{"rendered":"<p><!--:de--><em>aufabwegen <\/em>f\u00fchrt eine gro\u00dfe Auswahl an Asmus Tietchens Releases ins einem Mailorder.<br \/>\nManchmal werden dort auch Rarit\u00e4ten bzw. entlegene AT Ver\u00f6ffentlichungen angeboten.<br \/>\n<strong><a href=\"https:\/\/shop.aufabwegen.de\" target=\"_blank\" rel=\"noopener noreferrer\">shop.aufabwegen.de<\/a><\/strong><br \/>\n<!--:--><!--:en--><\/p>\n<p><em>aufabwegen<\/em> offers a great number of Asmus Tietchens releases in its mailorder catalogue.<br \/>\nFrom time to time we try to make out of print releases we find second hand in good condition available too.<br \/>\n<strong><a href=\"https:\/\/shop.aufabwegen.de\" target=\"_blank\" rel=\"noopener noreferrer\">shop.aufabwegen.de<\/a><\/strong><\/p>\n<p><!--:--><\/p>\n","protected":false},"excerpt":{"rendered":"<p>aufabwegen f\u00fchrt eine gro\u00dfe Auswahl an Asmus Tietchens Releases ins einem Mailorder. Manchmal werden dort auch Rarit\u00e4ten bzw. entlegene AT Ver\u00f6ffentlichungen angeboten. shop.aufabwegen.de aufabwegen offers a great number of Asmus Tietchens releases in its mailorder catalogue. From time to time we try to make out of print releases we find second hand in good condition [&hellip;]<\/p>\n","protected":false},"author":1,"featured_media":0,"parent":0,"menu_order":0,"comment_status":"closed","ping_status":"closed","template":"","meta":{"footnotes":""},"class_list":["post-19","page","type-page","status-publish","hentry","entry"],"_links":{"self":[{"href":"https:\/\/www.aufabwegen.de\/at\/index.php?rest_route=\/wp\/v2\/pages\/19","targetHints":{"allow":["GET"]}}],"collection":[{"href":"https:\/\/www.aufabwegen.de\/at\/index.php?rest_route=\/wp\/v2\/pages"}],"about":[{"href":"https:\/\/www.aufabwegen.de\/at\/index.php?rest_route=\/wp\/v2\/types\/page"}],"author":[{"embeddable":true,"href":"https:\/\/www.aufabwegen.de\/at\/index.php?rest_route=\/wp\/v2\/users\/1"}],"replies":[{"embeddable":true,"href":"https:\/\/www.aufabwegen.de\/at\/index.php?rest_route=%2Fwp%2Fv2%2Fcomments&post=19"}],"version-history":[{"count":11,"href":"https:\/\/www.aufabwegen.de\/at\/index.php?rest_route=\/wp\/v2\/pages\/19\/revisions"}],"predecessor-version":[{"id":3350,"href":"https:\/\/www.aufabwegen.de\/at\/index.php?rest_route=\/wp\/v2\/pages\/19\/revisions\/3350"}],"wp:attachment":[{"href":"https:\/\/www.aufabwegen.de\/at\/index.php?rest_route=%2Fwp%2Fv2%2Fmedia&parent=19"}],"curies":[{"name":"wp","href":"https:\/\/api.w.org\/{rel}","templated":true}]}}