{"id":3,"date":"2008-07-09T11:24:58","date_gmt":"2008-07-09T09:24:58","guid":{"rendered":"http:\/\/www.aufabwegen.de\/news\/?page_id=3"},"modified":"2018-02-13T16:20:42","modified_gmt":"2018-02-13T14:20:42","slug":"aufabwegen","status":"publish","type":"page","link":"https:\/\/www.aufabwegen.de\/?page_id=3","title":{"rendered":"aufabwegen"},"content":{"rendered":"<p><em><strong>aufabwegen<\/strong><\/em> befa\u00dft sich seit 1992 mit s\u00e4mtlichen Facetten der Sub- und Counter-Kultur. Der Name ist zugleich Programm. Die Aufarbeitung der verschiedenen Ausdrucksformen geschieht jenseits der g\u00e4ngigen Kategorisierungen und Sparten zugunsten einer selbstgeformten Struktur, die abwegige Vernetzungen entstehen l\u00e4\u00dft. So kann es sein, da\u00df ihr Besprechungen zu so unterschiedlichen Musikbereichen wie Ambient und Industrial direkt nebeneinander findet. <em><strong>aufabwegen<\/strong><\/em> versucht dabei stets der Komplexit\u00e4t des Ausdrucks in s\u00e4mtlichen Bereichen kulturellen Schaffens (also auch Theater\/Performance, Literatur, Film, Internet\/WWW, u.a.) gerecht zu werden.<\/p>\n<p><a href=\"https:\/\/www.aufabwegen.de\/magazin\"><em><strong>aufabwegen<\/strong><\/em> &#8211; magazin<\/a><br \/>\nDer inhaltliche Schwerpunkt des ca. 60 Seiten starken Hefts liegt im Bereich der Musik: ausf\u00fchrliche Interviews und zahlreiche Rezensionen sind fester Bestandteil.<\/p>\n<p><em><strong>aufabwegen<\/strong><\/em> ver\u00f6ffentlicht auch Audio-Releases <a href=\"https:\/\/www.aufabwegen.de\/label\">(aufabwegen-audio)<\/a> und organisiert Konzerte und DJ-Events <a href=\"https:\/\/www.aufabwegen.de\/events\">(aufabwegen-ontour)<\/a>.<\/p>\n","protected":false},"excerpt":{"rendered":"<p>aufabwegen befa\u00dft sich seit 1992 mit s\u00e4mtlichen Facetten der Sub- und Counter-Kultur. Der Name ist zugleich Programm. Die Aufarbeitung der verschiedenen Ausdrucksformen geschieht jenseits der g\u00e4ngigen Kategorisierungen und Sparten zugunsten einer selbstgeformten Struktur, die abwegige Vernetzungen entstehen l\u00e4\u00dft. So kann es sein, da\u00df ihr Besprechungen zu so unterschiedlichen Musikbereichen wie Ambient und Industrial direkt nebeneinander [&hellip;]<\/p>\n","protected":false},"author":1,"featured_media":0,"parent":0,"menu_order":0,"comment_status":"closed","ping_status":"closed","template":"","meta":{"footnotes":""},"class_list":["post-3","page","type-page","status-publish","hentry","entry"],"_links":{"self":[{"href":"https:\/\/www.aufabwegen.de\/index.php?rest_route=\/wp\/v2\/pages\/3","targetHints":{"allow":["GET"]}}],"collection":[{"href":"https:\/\/www.aufabwegen.de\/index.php?rest_route=\/wp\/v2\/pages"}],"about":[{"href":"https:\/\/www.aufabwegen.de\/index.php?rest_route=\/wp\/v2\/types\/page"}],"author":[{"embeddable":true,"href":"https:\/\/www.aufabwegen.de\/index.php?rest_route=\/wp\/v2\/users\/1"}],"replies":[{"embeddable":true,"href":"https:\/\/www.aufabwegen.de\/index.php?rest_route=%2Fwp%2Fv2%2Fcomments&post=3"}],"version-history":[{"count":1,"href":"https:\/\/www.aufabwegen.de\/index.php?rest_route=\/wp\/v2\/pages\/3\/revisions"}],"predecessor-version":[{"id":722,"href":"https:\/\/www.aufabwegen.de\/index.php?rest_route=\/wp\/v2\/pages\/3\/revisions\/722"}],"wp:attachment":[{"href":"https:\/\/www.aufabwegen.de\/index.php?rest_route=%2Fwp%2Fv2%2Fmedia&parent=3"}],"curies":[{"name":"wp","href":"https:\/\/api.w.org\/{rel}","templated":true}]}}